{"id":65,"date":"2014-08-25T14:08:41","date_gmt":"2014-08-25T14:08:41","guid":{"rendered":"http:\/\/192.168.1.104\/enfold-photography\/?page_id=2"},"modified":"2024-06-25T19:17:45","modified_gmt":"2024-06-25T19:17:45","slug":"frontpage","status":"publish","type":"page","link":"https:\/\/viehhauser-hof.de\/","title":{"rendered":"Frontpage"},"content":{"rendered":"\t\t<div data-elementor-type=\"wp-page\" data-elementor-id=\"65\" class=\"elementor elementor-65\">\n\t\t\t\t<div class=\"elementor-element elementor-element-c52c22a e-flex e-con-boxed e-con e-parent\" data-id=\"c52c22a\" data-element_type=\"container\">\n\t\t\t\t\t<div class=\"e-con-inner\">\n\t\t\t\t<div class=\"elementor-element elementor-element-291287c elementor-widget__width-inherit elementor-absolute elementor-widget elementor-widget-text-editor\" data-id=\"291287c\" data-element_type=\"widget\" data-settings=\"{&quot;_position&quot;:&quot;absolute&quot;}\" data-widget_type=\"text-editor.default\">\n\t\t\t\t<div class=\"elementor-widget-container\">\n\t\t\t<style>\/*! elementor - v3.21.0 - 18-04-2024 *\/\n.elementor-widget-text-editor.elementor-drop-cap-view-stacked .elementor-drop-cap{background-color:#69727d;color:#fff}.elementor-widget-text-editor.elementor-drop-cap-view-framed .elementor-drop-cap{color:#69727d;border:3px solid;background-color:transparent}.elementor-widget-text-editor:not(.elementor-drop-cap-view-default) .elementor-drop-cap{margin-top:8px}.elementor-widget-text-editor:not(.elementor-drop-cap-view-default) .elementor-drop-cap-letter{width:1em;height:1em}.elementor-widget-text-editor .elementor-drop-cap{float:left;text-align:center;line-height:1;font-size:50px}.elementor-widget-text-editor .elementor-drop-cap-letter{display:inline-block}<\/style>\t\t\t\t<div id=\"layerslider_2_1rqqxagr0s411\"  class=\"ls-wp-container fitvidsignore ls-selectable\" style=\"width:1100px;height:777px;margin:0 auto;margin-bottom: 0px;\"><div class=\"ls-slide\" ><img fetchpriority=\"high\" decoding=\"async\" width=\"1100\" height=\"777\" src=\"https:\/\/viehhauser-hof.de\/wp-content\/uploads\/2022\/05\/Heuhotel_start.jpg\" class=\"ls-bg\" alt=\"\" srcset=\"https:\/\/viehhauser-hof.de\/wp-content\/uploads\/2022\/05\/Heuhotel_start.jpg 1100w, https:\/\/viehhauser-hof.de\/wp-content\/uploads\/2022\/05\/Heuhotel_start-300x212.jpg 300w, https:\/\/viehhauser-hof.de\/wp-content\/uploads\/2022\/05\/Heuhotel_start-1030x728.jpg 1030w, https:\/\/viehhauser-hof.de\/wp-content\/uploads\/2022\/05\/Heuhotel_start-768x542.jpg 768w, https:\/\/viehhauser-hof.de\/wp-content\/uploads\/2022\/05\/Heuhotel_start-260x185.jpg 260w, https:\/\/viehhauser-hof.de\/wp-content\/uploads\/2022\/05\/Heuhotel_start-705x498.jpg 705w\" sizes=\"(max-width: 1100px) 100vw, 1100px\" \/><a style=\"\" class=\"ls-l\" href=\"http:\/\/viehhauser-hof.de\/frontpage\" target=\"_self\" data-ls=\"position:relative;\"><img decoding=\"async\" width=\"354\" height=\"354\" src=\"https:\/\/viehhauser-hof.de\/wp-content\/uploads\/2020\/05\/Space.png\" class=\"ls-img-layer\" alt=\"\" srcset=\"https:\/\/viehhauser-hof.de\/wp-content\/uploads\/2020\/05\/Space.png 354w, https:\/\/viehhauser-hof.de\/wp-content\/uploads\/2020\/05\/Space-300x300.png 300w, https:\/\/viehhauser-hof.de\/wp-content\/uploads\/2020\/05\/Space-80x80.png 80w, https:\/\/viehhauser-hof.de\/wp-content\/uploads\/2020\/05\/Space-36x36.png 36w, https:\/\/viehhauser-hof.de\/wp-content\/uploads\/2020\/05\/Space-180x180.png 180w\" sizes=\"(max-width: 354px) 100vw, 354px\" style=\"top:10px;left:104px;background-size:inherit;background-position:inherit;width:244px;height:80px;\"><\/a><a style=\"\" class=\"ls-l\" href=\"https:\/\/viehhauser-hof.de\/?page_id=474\" target=\"_self\" data-ls=\"position:relative;\"><img decoding=\"async\" width=\"354\" height=\"354\" src=\"https:\/\/viehhauser-hof.de\/wp-content\/uploads\/2020\/05\/Space.png\" class=\"ls-img-layer\" alt=\"\" srcset=\"https:\/\/viehhauser-hof.de\/wp-content\/uploads\/2020\/05\/Space.png 354w, https:\/\/viehhauser-hof.de\/wp-content\/uploads\/2020\/05\/Space-300x300.png 300w, https:\/\/viehhauser-hof.de\/wp-content\/uploads\/2020\/05\/Space-80x80.png 80w, https:\/\/viehhauser-hof.de\/wp-content\/uploads\/2020\/05\/Space-36x36.png 36w, https:\/\/viehhauser-hof.de\/wp-content\/uploads\/2020\/05\/Space-180x180.png 180w\" sizes=\"(max-width: 354px) 100vw, 354px\" style=\"top:16px;left:390px;background-size:inherit;background-position:inherit;width:173px;height:80px;\"><\/a><a style=\"\" class=\"ls-l\" href=\"https:\/\/viehhauser-hof.de\/?page_id=472\" target=\"_self\" data-ls=\"position:relative;\"><img loading=\"lazy\" decoding=\"async\" width=\"354\" height=\"354\" src=\"https:\/\/viehhauser-hof.de\/wp-content\/uploads\/2020\/05\/Space.png\" class=\"ls-img-layer\" alt=\"\" srcset=\"https:\/\/viehhauser-hof.de\/wp-content\/uploads\/2020\/05\/Space.png 354w, https:\/\/viehhauser-hof.de\/wp-content\/uploads\/2020\/05\/Space-300x300.png 300w, https:\/\/viehhauser-hof.de\/wp-content\/uploads\/2020\/05\/Space-80x80.png 80w, https:\/\/viehhauser-hof.de\/wp-content\/uploads\/2020\/05\/Space-36x36.png 36w, https:\/\/viehhauser-hof.de\/wp-content\/uploads\/2020\/05\/Space-180x180.png 180w\" sizes=\"(max-width: 354px) 100vw, 354px\" style=\"top:708px;left:20px;background-size:inherit;background-position:inherit;width:173px;height:54px;\"><\/a><a style=\"\" class=\"ls-l\" href=\"https:\/\/viehhauser-hof.de\/?page_id=470\" target=\"_self\" data-ls=\"position:relative;\"><img loading=\"lazy\" decoding=\"async\" width=\"354\" height=\"354\" src=\"https:\/\/viehhauser-hof.de\/wp-content\/uploads\/2020\/05\/Space.png\" class=\"ls-img-layer\" alt=\"\" srcset=\"https:\/\/viehhauser-hof.de\/wp-content\/uploads\/2020\/05\/Space.png 354w, https:\/\/viehhauser-hof.de\/wp-content\/uploads\/2020\/05\/Space-300x300.png 300w, https:\/\/viehhauser-hof.de\/wp-content\/uploads\/2020\/05\/Space-80x80.png 80w, https:\/\/viehhauser-hof.de\/wp-content\/uploads\/2020\/05\/Space-36x36.png 36w, https:\/\/viehhauser-hof.de\/wp-content\/uploads\/2020\/05\/Space-180x180.png 180w\" sizes=\"(max-width: 354px) 100vw, 354px\" style=\"top:15px;left:581px;background-size:inherit;background-position:inherit;width:228px;height:80px;\"><\/a><a style=\"\" class=\"ls-l\" href=\"http:\/\/viehhauser-hof.de\/wp-content\/uploads\/2020\/05\/corona.pdf\" target=\"_self\" data-ls=\"position:relative;\"><img loading=\"lazy\" decoding=\"async\" width=\"354\" height=\"354\" src=\"https:\/\/viehhauser-hof.de\/wp-content\/uploads\/2020\/05\/Space.png\" class=\"ls-img-layer\" alt=\"\" srcset=\"https:\/\/viehhauser-hof.de\/wp-content\/uploads\/2020\/05\/Space.png 354w, https:\/\/viehhauser-hof.de\/wp-content\/uploads\/2020\/05\/Space-300x300.png 300w, https:\/\/viehhauser-hof.de\/wp-content\/uploads\/2020\/05\/Space-80x80.png 80w, https:\/\/viehhauser-hof.de\/wp-content\/uploads\/2020\/05\/Space-36x36.png 36w, https:\/\/viehhauser-hof.de\/wp-content\/uploads\/2020\/05\/Space-180x180.png 180w\" sizes=\"(max-width: 354px) 100vw, 354px\" style=\"top:136px;left:686px;background-size:inherit;background-position:inherit;width:297px;height:214px;\"><\/a><a style=\"\" class=\"ls-l\" href=\"https:\/\/viehhauser-hof.de\/?page_id=23\" target=\"_self\" data-ls=\"position:relative;\"><img loading=\"lazy\" decoding=\"async\" width=\"354\" height=\"354\" src=\"https:\/\/viehhauser-hof.de\/wp-content\/uploads\/2020\/05\/Space.png\" class=\"ls-img-layer\" alt=\"\" srcset=\"https:\/\/viehhauser-hof.de\/wp-content\/uploads\/2020\/05\/Space.png 354w, https:\/\/viehhauser-hof.de\/wp-content\/uploads\/2020\/05\/Space-300x300.png 300w, https:\/\/viehhauser-hof.de\/wp-content\/uploads\/2020\/05\/Space-80x80.png 80w, https:\/\/viehhauser-hof.de\/wp-content\/uploads\/2020\/05\/Space-36x36.png 36w, https:\/\/viehhauser-hof.de\/wp-content\/uploads\/2020\/05\/Space-180x180.png 180w\" sizes=\"(max-width: 354px) 100vw, 354px\" style=\"top:11px;left:850px;background-size:inherit;background-position:inherit;width:228px;height:80px;\"><\/a><a style=\"\" class=\"ls-l\" href=\"#Info\" target=\"ls-scroll\" data-ls=\"position:relative;\"><img loading=\"lazy\" decoding=\"async\" width=\"238\" height=\"82\" src=\"https:\/\/viehhauser-hof.de\/wp-content\/uploads\/2020\/06\/mehr.png\" class=\"ls-img-layer\" alt=\"\" style=\"top:427px;left:111px;background-size:inherit;background-position:inherit;\"><\/a><\/div><\/div><p>\u00a0<\/p><p>\u00a0<\/p><ul class=\"ul1\"><li class=\"li2\">Bitte beachten Sie, dass das Rauchen in der gesamten Scheune, in den Lagern und auch im Fr\u00fchst\u00fccksraum strengstens verboten ist.<\/li><li class=\"li2\">Eine K\u00fcche inkl. K\u00fchlschrank, wo Sie Getr\u00e4nke und Lebensmittel aufbewahren k\u00f6nnen, steht Ihnen zur Verf\u00fcgung.<\/li><li class=\"li2\">Handt\u00fccher, Schlafs\u00e4cke und Taschenlampen bitte selbst mitbringen.<\/li><li class=\"li2\">Ansprechende Sanit\u00e4ranlagen stehen Ihnen selbstverst\u00e4ndlich zur Verf\u00fcgung.<p>\u00a9 Copyright &#8211; Heuhotel Truchtlaching \/ <a href=\"https:\/\/viehhauser-hof.de\/?page_id=515\">Datenschutz \/ <\/a><a href=\"https:\/\/viehhauser-hof.de\/?page_id=472\">Impressum<\/a><\/p><\/li><\/ul><p>\u00a0<\/p>\t\t\t\t\t\t<\/div>\n\t\t\t\t<\/div>\n\t\t\t\t\t<\/div>\n\t\t\t\t<\/div>\n\t\t\t\t<\/div>\n\t\t","protected":false},"excerpt":{"rendered":"<p>\u00a0 \u00a0 Bitte beachten Sie, dass das Rauchen in der gesamten Scheune, in den Lagern und auch im Fr\u00fchst\u00fccksraum strengstens verboten ist. Eine K\u00fcche inkl. K\u00fchlschrank, wo Sie Getr\u00e4nke und Lebensmittel aufbewahren k\u00f6nnen, steht Ihnen zur Verf\u00fcgung. Handt\u00fccher, Schlafs\u00e4cke und Taschenlampen bitte selbst mitbringen. Ansprechende Sanit\u00e4ranlagen stehen Ihnen selbstverst\u00e4ndlich zur Verf\u00fcgung. \u00a9 Copyright &#8211; Heuhotel [&hellip;]<\/p>\n","protected":false},"author":1,"featured_media":0,"parent":0,"menu_order":0,"comment_status":"open","ping_status":"open","template":"elementor_canvas","meta":{"footnotes":""},"_links":{"self":[{"href":"https:\/\/viehhauser-hof.de\/index.php?rest_route=\/wp\/v2\/pages\/65"}],"collection":[{"href":"https:\/\/viehhauser-hof.de\/index.php?rest_route=\/wp\/v2\/pages"}],"about":[{"href":"https:\/\/viehhauser-hof.de\/index.php?rest_route=\/wp\/v2\/types\/page"}],"author":[{"embeddable":true,"href":"https:\/\/viehhauser-hof.de\/index.php?rest_route=\/wp\/v2\/users\/1"}],"replies":[{"embeddable":true,"href":"https:\/\/viehhauser-hof.de\/index.php?rest_route=%2Fwp%2Fv2%2Fcomments&post=65"}],"version-history":[{"count":42,"href":"https:\/\/viehhauser-hof.de\/index.php?rest_route=\/wp\/v2\/pages\/65\/revisions"}],"predecessor-version":[{"id":675,"href":"https:\/\/viehhauser-hof.de\/index.php?rest_route=\/wp\/v2\/pages\/65\/revisions\/675"}],"wp:attachment":[{"href":"https:\/\/viehhauser-hof.de\/index.php?rest_route=%2Fwp%2Fv2%2Fmedia&parent=65"}],"curies":[{"name":"wp","href":"https:\/\/api.w.org\/{rel}","templated":true}]}}