{"id":23,"date":"2014-09-26T17:23:42","date_gmt":"2014-09-26T17:23:42","guid":{"rendered":"http:\/\/192.168.1.104\/enfold-photography\/?page_id=23"},"modified":"2024-07-14T09:26:22","modified_gmt":"2024-07-14T09:26:22","slug":"contact","status":"publish","type":"page","link":"https:\/\/viehhauser-hof.de\/?page_id=23","title":{"rendered":"Contact"},"content":{"rendered":"\t\t<div data-elementor-type=\"wp-page\" data-elementor-id=\"23\" class=\"elementor elementor-23\">\n\t\t\t\t<div class=\"elementor-element elementor-element-38e4415 e-flex e-con-boxed e-con e-parent\" data-id=\"38e4415\" data-element_type=\"container\">\n\t\t\t\t\t<div class=\"e-con-inner\">\n\t\t\t\t<div class=\"elementor-element elementor-element-a8fc992 elementor-widget__width-inherit elementor-absolute elementor-widget elementor-widget-text-editor\" data-id=\"a8fc992\" data-element_type=\"widget\" data-settings=\"{&quot;_position&quot;:&quot;absolute&quot;}\" data-widget_type=\"text-editor.default\">\n\t\t\t\t<div class=\"elementor-widget-container\">\n\t\t\t<style>\/*! elementor - v3.21.0 - 18-04-2024 *\/\n.elementor-widget-text-editor.elementor-drop-cap-view-stacked .elementor-drop-cap{background-color:#69727d;color:#fff}.elementor-widget-text-editor.elementor-drop-cap-view-framed .elementor-drop-cap{color:#69727d;border:3px solid;background-color:transparent}.elementor-widget-text-editor:not(.elementor-drop-cap-view-default) .elementor-drop-cap{margin-top:8px}.elementor-widget-text-editor:not(.elementor-drop-cap-view-default) .elementor-drop-cap-letter{width:1em;height:1em}.elementor-widget-text-editor .elementor-drop-cap{float:left;text-align:center;line-height:1;font-size:50px}.elementor-widget-text-editor .elementor-drop-cap-letter{display:inline-block}<\/style>\t\t\t\t<div id=\"layerslider_4_1szdeb8c8cpun\"  class=\"ls-wp-container fitvidsignore ls-selectable\" style=\"width:1100px;height:777px;margin:0 auto;margin-bottom: 0px;\"><div class=\"ls-slide\" ><img fetchpriority=\"high\" decoding=\"async\" width=\"1100\" height=\"777\" src=\"https:\/\/viehhauser-hof.de\/wp-content\/uploads\/2020\/06\/preise.jpg\" class=\"ls-bg\" alt=\"\" srcset=\"https:\/\/viehhauser-hof.de\/wp-content\/uploads\/2020\/06\/preise.jpg 1100w, https:\/\/viehhauser-hof.de\/wp-content\/uploads\/2020\/06\/preise-300x212.jpg 300w, https:\/\/viehhauser-hof.de\/wp-content\/uploads\/2020\/06\/preise-1030x728.jpg 1030w, https:\/\/viehhauser-hof.de\/wp-content\/uploads\/2020\/06\/preise-768x542.jpg 768w, https:\/\/viehhauser-hof.de\/wp-content\/uploads\/2020\/06\/preise-260x185.jpg 260w, https:\/\/viehhauser-hof.de\/wp-content\/uploads\/2020\/06\/preise-705x498.jpg 705w\" sizes=\"(max-width: 1100px) 100vw, 1100px\" \/><a style=\"\" class=\"ls-l\" href=\"https:\/\/viehhauser-hof.de\/\" target=\"_self\" data-ls=\"position:relative;\"><img decoding=\"async\" width=\"354\" height=\"354\" src=\"https:\/\/viehhauser-hof.de\/wp-content\/uploads\/2020\/05\/Space.png\" class=\"ls-img-layer\" alt=\"\" srcset=\"https:\/\/viehhauser-hof.de\/wp-content\/uploads\/2020\/05\/Space.png 354w, https:\/\/viehhauser-hof.de\/wp-content\/uploads\/2020\/05\/Space-300x300.png 300w, https:\/\/viehhauser-hof.de\/wp-content\/uploads\/2020\/05\/Space-80x80.png 80w, https:\/\/viehhauser-hof.de\/wp-content\/uploads\/2020\/05\/Space-36x36.png 36w, https:\/\/viehhauser-hof.de\/wp-content\/uploads\/2020\/05\/Space-180x180.png 180w\" sizes=\"(max-width: 354px) 100vw, 354px\" style=\"top:10px;left:104px;background-size:inherit;background-position:inherit;width:244px;height:80px;\"><\/a><a style=\"\" class=\"ls-l\" href=\"#preise\" target=\"ls-scroll\" data-ls=\"position:relative;\"><img decoding=\"async\" width=\"354\" height=\"354\" src=\"https:\/\/viehhauser-hof.de\/wp-content\/uploads\/2020\/05\/Space.png\" class=\"ls-img-layer\" alt=\"\" srcset=\"https:\/\/viehhauser-hof.de\/wp-content\/uploads\/2020\/05\/Space.png 354w, https:\/\/viehhauser-hof.de\/wp-content\/uploads\/2020\/05\/Space-300x300.png 300w, https:\/\/viehhauser-hof.de\/wp-content\/uploads\/2020\/05\/Space-80x80.png 80w, https:\/\/viehhauser-hof.de\/wp-content\/uploads\/2020\/05\/Space-36x36.png 36w, https:\/\/viehhauser-hof.de\/wp-content\/uploads\/2020\/05\/Space-180x180.png 180w\" sizes=\"(max-width: 354px) 100vw, 354px\" style=\"top:150px;left:260px;background-size:inherit;background-position:inherit;width:251px;height:172px;\"><\/a><a style=\"\" class=\"ls-l\" href=\"https:\/\/viehhauser-hof.de\/?page_id=474\" target=\"_self\" data-ls=\"position:relative;\"><img loading=\"lazy\" decoding=\"async\" width=\"354\" height=\"354\" src=\"https:\/\/viehhauser-hof.de\/wp-content\/uploads\/2020\/05\/Space.png\" class=\"ls-img-layer\" alt=\"\" srcset=\"https:\/\/viehhauser-hof.de\/wp-content\/uploads\/2020\/05\/Space.png 354w, https:\/\/viehhauser-hof.de\/wp-content\/uploads\/2020\/05\/Space-300x300.png 300w, https:\/\/viehhauser-hof.de\/wp-content\/uploads\/2020\/05\/Space-80x80.png 80w, https:\/\/viehhauser-hof.de\/wp-content\/uploads\/2020\/05\/Space-36x36.png 36w, https:\/\/viehhauser-hof.de\/wp-content\/uploads\/2020\/05\/Space-180x180.png 180w\" sizes=\"(max-width: 354px) 100vw, 354px\" style=\"top:15px;left:378px;background-size:inherit;background-position:inherit;width:173px;height:80px;\"><\/a><a style=\"\" class=\"ls-l\" href=\"https:\/\/viehhauser-hof.de\/?page_id=472\" target=\"_self\" data-ls=\"position:relative;\"><img loading=\"lazy\" decoding=\"async\" width=\"354\" height=\"354\" src=\"https:\/\/viehhauser-hof.de\/wp-content\/uploads\/2020\/05\/Space.png\" class=\"ls-img-layer\" alt=\"\" srcset=\"https:\/\/viehhauser-hof.de\/wp-content\/uploads\/2020\/05\/Space.png 354w, https:\/\/viehhauser-hof.de\/wp-content\/uploads\/2020\/05\/Space-300x300.png 300w, https:\/\/viehhauser-hof.de\/wp-content\/uploads\/2020\/05\/Space-80x80.png 80w, https:\/\/viehhauser-hof.de\/wp-content\/uploads\/2020\/05\/Space-36x36.png 36w, https:\/\/viehhauser-hof.de\/wp-content\/uploads\/2020\/05\/Space-180x180.png 180w\" sizes=\"(max-width: 354px) 100vw, 354px\" style=\"top:723px;left:19px;background-size:inherit;background-position:inherit;width:173px;height:54px;\"><\/a><a style=\"\" class=\"ls-l\" href=\"https:\/\/viehhauser-hof.de\/?page_id=470\" target=\"_self\" data-ls=\"position:relative;\"><img loading=\"lazy\" decoding=\"async\" width=\"354\" height=\"354\" src=\"https:\/\/viehhauser-hof.de\/wp-content\/uploads\/2020\/05\/Space.png\" class=\"ls-img-layer\" alt=\"\" srcset=\"https:\/\/viehhauser-hof.de\/wp-content\/uploads\/2020\/05\/Space.png 354w, https:\/\/viehhauser-hof.de\/wp-content\/uploads\/2020\/05\/Space-300x300.png 300w, https:\/\/viehhauser-hof.de\/wp-content\/uploads\/2020\/05\/Space-80x80.png 80w, https:\/\/viehhauser-hof.de\/wp-content\/uploads\/2020\/05\/Space-36x36.png 36w, https:\/\/viehhauser-hof.de\/wp-content\/uploads\/2020\/05\/Space-180x180.png 180w\" sizes=\"(max-width: 354px) 100vw, 354px\" style=\"top:15px;left:581px;background-size:inherit;background-position:inherit;width:228px;height:80px;\"><\/a><a style=\"\" class=\"ls-l\" href=\"mailto:heuhotelviehhaus@aol.com\" target=\"_self\" data-ls=\"position:relative;\"><img loading=\"lazy\" decoding=\"async\" width=\"354\" height=\"354\" src=\"https:\/\/viehhauser-hof.de\/wp-content\/uploads\/2020\/05\/Space.png\" class=\"ls-img-layer\" alt=\"\" srcset=\"https:\/\/viehhauser-hof.de\/wp-content\/uploads\/2020\/05\/Space.png 354w, https:\/\/viehhauser-hof.de\/wp-content\/uploads\/2020\/05\/Space-300x300.png 300w, https:\/\/viehhauser-hof.de\/wp-content\/uploads\/2020\/05\/Space-80x80.png 80w, https:\/\/viehhauser-hof.de\/wp-content\/uploads\/2020\/05\/Space-36x36.png 36w, https:\/\/viehhauser-hof.de\/wp-content\/uploads\/2020\/05\/Space-180x180.png 180w\" sizes=\"(max-width: 354px) 100vw, 354px\" style=\"top:425px;left:783px;background-size:inherit;background-position:inherit;width:228px;height:80px;\"><\/a><a style=\"\" class=\"ls-l\" href=\"https:\/\/viehhauser-hof.de\/?page_id=23\" target=\"_self\" data-ls=\"position:relative;\"><img loading=\"lazy\" decoding=\"async\" width=\"354\" height=\"354\" src=\"https:\/\/viehhauser-hof.de\/wp-content\/uploads\/2020\/05\/Space.png\" class=\"ls-img-layer\" alt=\"\" srcset=\"https:\/\/viehhauser-hof.de\/wp-content\/uploads\/2020\/05\/Space.png 354w, https:\/\/viehhauser-hof.de\/wp-content\/uploads\/2020\/05\/Space-300x300.png 300w, https:\/\/viehhauser-hof.de\/wp-content\/uploads\/2020\/05\/Space-80x80.png 80w, https:\/\/viehhauser-hof.de\/wp-content\/uploads\/2020\/05\/Space-36x36.png 36w, https:\/\/viehhauser-hof.de\/wp-content\/uploads\/2020\/05\/Space-180x180.png 180w\" sizes=\"(max-width: 354px) 100vw, 354px\" style=\"top:11px;left:850px;background-size:inherit;background-position:inherit;width:228px;height:80px;\"><\/a><\/div><\/div><p>\u00a0<\/p><ul class=\"ul1\"><li class=\"li1\">\u00dcbernachtung Erwachsene: 16,-\u20ac<\/li><li class=\"li1\">Kinder 3-11 Jahre: 10,-\u20ac<\/li><li class=\"li1\">Handt\u00fccher, Schlafs\u00e4cke und Taschenlampen bitte selbst mitbringen.<\/li><li class=\"li1\">Schlafsack &amp; H\u00fcttenschlafsack bei Bedarf: 5,-\u20ac<\/li><li class=\"li1\">Kurtaxe 6 bis 16 Jahre: 0,75 \u20ac\/\u00dcbernachtung<br \/>Kurtaxe ab 16 Jahre: 1,50 \u20ac \/\u00dcbernachtung<br \/><br \/><\/li><\/ul>\t\t\t\t\t\t<\/div>\n\t\t\t\t<\/div>\n\t\t\t\t\t<\/div>\n\t\t\t\t<\/div>\n\t\t\t\t<\/div>\n\t\t","protected":false},"excerpt":{"rendered":"<p>\u00a0 \u00dcbernachtung Erwachsene: 16,-\u20ac Kinder 3-11 Jahre: 10,-\u20ac Handt\u00fccher, Schlafs\u00e4cke und Taschenlampen bitte selbst mitbringen. Schlafsack &amp; H\u00fcttenschlafsack bei Bedarf: 5,-\u20ac Kurtaxe 6 bis 16 Jahre: 0,75 \u20ac\/\u00dcbernachtungKurtaxe ab 16 Jahre: 1,50 \u20ac \/\u00dcbernachtung<\/p>\n","protected":false},"author":1,"featured_media":0,"parent":0,"menu_order":0,"comment_status":"open","ping_status":"open","template":"elementor_canvas","meta":{"footnotes":""},"_links":{"self":[{"href":"https:\/\/viehhauser-hof.de\/index.php?rest_route=\/wp\/v2\/pages\/23"}],"collection":[{"href":"https:\/\/viehhauser-hof.de\/index.php?rest_route=\/wp\/v2\/pages"}],"about":[{"href":"https:\/\/viehhauser-hof.de\/index.php?rest_route=\/wp\/v2\/types\/page"}],"author":[{"embeddable":true,"href":"https:\/\/viehhauser-hof.de\/index.php?rest_route=\/wp\/v2\/users\/1"}],"replies":[{"embeddable":true,"href":"https:\/\/viehhauser-hof.de\/index.php?rest_route=%2Fwp%2Fv2%2Fcomments&post=23"}],"version-history":[{"count":37,"href":"https:\/\/viehhauser-hof.de\/index.php?rest_route=\/wp\/v2\/pages\/23\/revisions"}],"predecessor-version":[{"id":697,"href":"https:\/\/viehhauser-hof.de\/index.php?rest_route=\/wp\/v2\/pages\/23\/revisions\/697"}],"wp:attachment":[{"href":"https:\/\/viehhauser-hof.de\/index.php?rest_route=%2Fwp%2Fv2%2Fmedia&parent=23"}],"curies":[{"name":"wp","href":"https:\/\/api.w.org\/{rel}","templated":true}]}}